{"id":29632,"date":"2025-04-08T19:19:12","date_gmt":"2025-04-08T19:19:12","guid":{"rendered":"https:\/\/temp.li-kinesiologie.ch\/privacy-policy\/"},"modified":"2025-04-09T12:22:25","modified_gmt":"2025-04-09T12:22:25","slug":"privacy-policy","status":"publish","type":"page","link":"https:\/\/www.li-kinesiologie.ch\/en\/privacy-policy\/","title":{"rendered":"Privacy policy"},"content":{"rendered":"<p>[et_pb_section fb_built=&#8221;1&#8243; next_background_color=&#8221;#ffffff&#8221; admin_label=&#8221;Header&#8221; _builder_version=&#8221;4.27.2&#8243; background_color=&#8221;#b8d8be&#8221; use_background_color_gradient=&#8221;on&#8221; background_color_gradient_direction=&#8221;90deg&#8221; background_color_gradient_stops=&#8221;rgba(184,216,190,0.5) 0%|#b8d8be 75%&#8221; background_color_gradient_overlays_image=&#8221;on&#8221; background_enable_image=&#8221;off&#8221; background_position=&#8221;center_left&#8221; background_horizontal_offset=&#8221;100%&#8221; custom_margin=&#8221;||||false&#8221; custom_padding=&#8221;0px||0vw||false|false&#8221; bottom_divider_style=&#8221;curve&#8221; bottom_divider_height=&#8221;6vw&#8221; background_last_edited=&#8221;on|phone&#8221; background_position_tablet=&#8221;center_left&#8221; background_horizontal_offset_tablet=&#8221;15%&#8221; background_horizontal_offset_phone=&#8221;0%&#8221; locked=&#8221;off&#8221; global_colors_info=&#8221;{}&#8221;][et_pb_row column_structure=&#8221;1_5,3_5,1_5&#8243; disabled_on=&#8221;off|off|off&#8221; _builder_version=&#8221;4.27.2&#8243; background_enable_image=&#8221;off&#8221; background_size=&#8221;custom&#8221; background_image_width=&#8221;25%&#8221; width=&#8221;90%&#8221; max_width=&#8221;90%&#8221; animation_style=&#8221;zoom&#8221; animation_intensity_zoom=&#8221;10%&#8221; locked=&#8221;off&#8221; global_colors_info=&#8221;{}&#8221;][et_pb_column type=&#8221;1_5&#8243; disabled_on=&#8221;on|on|off&#8221; _builder_version=&#8221;4.27.0&#8243; background_enable_image=&#8221;off&#8221; background_size=&#8221;custom&#8221; background_image_width=&#8221;16%&#8221; background_position=&#8221;top_center&#8221; background_vertical_offset=&#8221;30%&#8221; background_blend=&#8221;color-dodge&#8221; custom_padding_tablet=&#8221;&#8221; custom_padding_phone=&#8221;&#8221; custom_padding_last_edited=&#8221;on|phone&#8221; global_colors_info=&#8221;{}&#8221; custom_padding__hover=&#8221;|||&#8221;][\/et_pb_column][et_pb_column type=&#8221;3_5&#8243; _builder_version=&#8221;4.27.0&#8243; background_enable_image=&#8221;off&#8221; background_size=&#8221;custom&#8221; background_image_width=&#8221;16%&#8221; background_position=&#8221;top_center&#8221; background_vertical_offset=&#8221;30%&#8221; background_blend=&#8221;color-dodge&#8221; custom_padding_tablet=&#8221;&#8221; custom_padding_phone=&#8221;&#8221; custom_padding_last_edited=&#8221;on|phone&#8221; global_colors_info=&#8221;{}&#8221; custom_padding__hover=&#8221;|||&#8221;][et_pb_text _builder_version=&#8221;4.27.2&#8243; text_font=&#8221;||||||||&#8221; header_font=&#8221;Merriweather|500||on|||||&#8221; header_text_color=&#8221;#FFFFFF&#8221; header_font_size=&#8221;3vw&#8221; header_line_height=&#8221;1.8em&#8221; header_2_font=&#8221;Montserrat|||on|||||&#8221; header_2_text_align=&#8221;center&#8221; header_2_text_color=&#8221;#999999&#8243; header_2_letter_spacing=&#8221;0.1em&#8221; header_2_line_height=&#8221;1.4em&#8221; text_orientation=&#8221;center&#8221; background_layout=&#8221;dark&#8221; custom_margin=&#8221;5vw||18px||false|false&#8221; custom_margin_tablet=&#8221;||3vw||false|false&#8221; custom_margin_phone=&#8221;||0vw||false|false&#8221; custom_margin_last_edited=&#8221;on|phone&#8221; header_2_letter_spacing_tablet=&#8221;0px&#8221; header_2_letter_spacing_phone=&#8221;0px&#8221; header_2_letter_spacing_last_edited=&#8221;on|tablet&#8221; global_colors_info=&#8221;{}&#8221;]<\/p>\n<h1>Privacy policy<\/h1>\n<h2>Version january 2024<\/h2>\n<p>[\/et_pb_text][\/et_pb_column][et_pb_column type=&#8221;1_5&#8243; _builder_version=&#8221;4.27.0&#8243; background_enable_image=&#8221;off&#8221; background_size=&#8221;custom&#8221; background_image_width=&#8221;16%&#8221; background_position=&#8221;top_center&#8221; background_vertical_offset=&#8221;30%&#8221; background_blend=&#8221;color-dodge&#8221; custom_padding_tablet=&#8221;&#8221; custom_padding_phone=&#8221;&#8221; custom_padding_last_edited=&#8221;on|phone&#8221; global_colors_info=&#8221;{}&#8221; custom_padding__hover=&#8221;|||&#8221;][et_pb_image src=&#8221;https:\/\/li-kinesiologie.ch\/wp-content\/uploads\/2025\/04\/Logo_arbre_blanc.png&#8221; title_text=&#8221;Logo_white_tree&#8221; align=&#8221;right&#8221; disabled_on=&#8221;on|on|off&#8221; _builder_version=&#8221;4.27.0&#8243; _module_preset=&#8221;default&#8221; width=&#8221;40%&#8221; global_colors_info=&#8221;{}&#8221;][\/et_pb_image][\/et_pb_column][\/et_pb_row][\/et_pb_section][et_pb_section fb_built=&#8221;1&#8243; admin_label=&#8221;About&#8221; _builder_version=&#8221;4.27.2&#8243; use_background_color_gradient=&#8221;on&#8221; background_color_gradient_stops=&#8221;rgba(255,255,255,0.25) 0%|rgba(255,255,255,0.8) 100%&#8221; background_enable_image=&#8221;off&#8221; background_size=&#8221;contain&#8221; background_position=&#8221;bottom_left&#8221; background_horizontal_offset=&#8221;-15%&#8221; custom_margin=&#8221;0px||||false|false&#8221; custom_padding=&#8221;4vh||0px||false|false&#8221; bottom_divider_style=&#8221;wave&#8221; bottom_divider_color=&#8221;#f2f2f2&#8243; bottom_divider_height=&#8221;35vw&#8221; locked=&#8221;off&#8221; global_colors_info=&#8221;{}&#8221;][et_pb_row use_custom_gutter=&#8221;on&#8221; make_equal=&#8221;on&#8221; _builder_version=&#8221;4.27.0&#8243; width=&#8221;60%&#8221; max_width=&#8221;60%&#8221; global_colors_info=&#8221;{}&#8221;][et_pb_column type=&#8221;4_4&#8243; _builder_version=&#8221;4.27.0&#8243; custom_css_main_element=&#8221;margin-bottom:auto;&#8221; global_colors_info=&#8221;{}&#8221;][et_pb_text _builder_version=&#8221;4.27.2&#8243; _module_preset=&#8221;default&#8221; global_colors_info=&#8221;{}&#8221;]<\/p>\n<p>I, Li Grosjean, at the practice <strong>Li KINESIOLOGIE<\/strong>, Rue de la Mor\u00e2che 14, 1260 Nyon, adhere to the following rules in accordance with the data protection law and related regulations.<\/p>\n<p>The purpose of this statement is to inform you, as my client, about how we process your personal and sensitive data collected at my practice.<\/p>\n<p>Only data related to therapeutic treatment or relevant to informing you about potential offers are processed. This includes exclusively data recorded with your consent, data you provide, or data available in public directories (telephone directory, etc.). This may include general personal information (name, address, phone number, etc.), health information\/progress of your condition, previously diagnosed conditions, and any other data you provide related to the treatment (patient record).<\/p>\n<p>These data are collected, recorded, and processed exclusively in your patient file or necessary administrative records, particularly in the application for billing according to tariff 590. In these storage locations, all processing steps performed on your data, including responsible persons, can be traced.<\/p>\n<p>Your personal data are only transmitted to individuals or sectors of my practice that need them to fulfill their contractual and legal obligations. These individuals are informed of the applicable data protection rules and are required to comply with them.<\/p>\n<p>Your data or parts of there are made accessible to other persons or institutions (insurers, etc.) only with your explicit consent. Judicial orders or the enforcement of legitimate rights by the practice constitute exceptions.<\/p>\n<p>If your data are collected and processed physically, they are stored in a locked room or cabinet inaccessible to unauthorized third parties. Data collected electronically are securely stored (firewall, password, etc.).<\/p>\n<p>Unless contrary cantonal or other legal provisions apply, the data I collected will be deleted twenty years after your last consultation at my practice.<\/p>\n<p>Written communication between my practice and you is conducted via email, SMS, or WhatsApp. The practice uses the communication method you use\/choose as a client. You are aware of potential risks related to data exchange, especially sensitive data (possibility of unauthorized third-party access in the case of unsecured communication channels as mentioned above) and you agree to this. Administrative requests such as appointment rescheduling, invoice copies, medical reports, \u201cRelease from Professional Confidentiality\u201d forms, are done by email, either encrypted using a specific program or unencrypted with your written consent.<\/p>\n<p>As a current or former client, you can request at any time a copy of all data we\/I have collected about you in a common electronic format. Only physically available data will be scanned for this purpose and sent to you as a PDF or paper document. Generally, data will be provided to you free of charge and within a maximum of 30 days.<\/p>\n<p>The person responsible for all questions related to the processing of your personal data and the exercise of your rights is the therapist responsible for your file<strong>.<\/strong><\/p>\n<p>[\/et_pb_text][\/et_pb_column][\/et_pb_row][\/et_pb_section][et_pb_section fb_built=&#8221;1&#8243; custom_padding_last_edited=&#8221;on|tablet&#8221; admin_label=&#8221;About Me&#8221; _builder_version=&#8221;4.27.2&#8243; background_color=&#8221;#f2f2f2&#8243; use_background_color_gradient=&#8221;on&#8221; background_color_gradient_stops=&#8221;rgba(255,255,255,0) 0%|rgba(255,255,255,0) 100%&#8221; background_enable_image=&#8221;off&#8221; background_size=&#8221;custom&#8221; background_image_width=&#8221;20%&#8221; background_position=&#8221;center_right&#8221; custom_margin=&#8221;-1px||||false|false&#8221; custom_padding=&#8221;0vw|0px|1vw|0px|false|false&#8221; custom_padding_tablet=&#8221;||10vw|&#8221; custom_padding_phone=&#8221;&#8221; top_divider_color=&#8221;#FFFFFF&#8221; top_divider_height=&#8221;6vw&#8221; top_divider_flip=&#8221;vertical&#8221; bottom_divider_style=&#8221;curve&#8221; bottom_divider_color=&#8221;#b8d8be&#8221; bottom_divider_height=&#8221;10vw&#8221; bottom_divider_repeat=&#8221;0.5x&#8221; bottom_divider_flip=&#8221;horizontal&#8221; global_colors_info=&#8221;{}&#8221;][et_pb_row _builder_version=&#8221;4.27.2&#8243; _module_preset=&#8221;default&#8221; max_width=&#8221;60%&#8221; global_colors_info=&#8221;{}&#8221;][et_pb_column type=&#8221;4_4&#8243; _builder_version=&#8221;4.27.2&#8243; _module_preset=&#8221;default&#8221; global_colors_info=&#8221;{}&#8221;][et_pb_text _builder_version=&#8221;4.27.2&#8243; _module_preset=&#8221;default&#8221; global_colors_info=&#8221;{}&#8221;]<\/p>\n<p>Li KINESIOLOGIE<br \/>Li Grosjean<br \/>Rue de la Mor\u00e2che 14, 1260 Nyon<br \/>info@li-kinesiologie.ch<br \/>079 933 96 79<\/p>\n<p>[\/et_pb_text][\/et_pb_column][\/et_pb_row][\/et_pb_section][et_pb_section fb_built=&#8221;1&#8243; admin_label=&#8221;Call to Action&#8221; _builder_version=&#8221;4.27.2&#8243; background_color=&#8221;#b8d8be&#8221; background_enable_image=&#8221;off&#8221; custom_margin=&#8221;-1px||||false|false&#8221; custom_padding=&#8221;0px||0px|||&#8221; global_colors_info=&#8221;{}&#8221;][et_pb_row _builder_version=&#8221;4.27.2&#8243; _module_preset=&#8221;default&#8221; width=&#8221;60%&#8221; max_width=&#8221;60%&#8221; custom_margin=&#8221;-1px||||false|false&#8221; global_colors_info=&#8221;{}&#8221;][et_pb_column type=&#8221;4_4&#8243; _builder_version=&#8221;4.27.0&#8243; _module_preset=&#8221;default&#8221; global_colors_info=&#8221;{}&#8221;][\/et_pb_column][\/et_pb_row][\/et_pb_section]<\/p>\n","protected":false},"excerpt":{"rendered":"<p>Privacy policy Version january 2024I, Li Grosjean, at the practice Li KINESIOLOGIE, Rue de la Mor\u00e2che 14, 1260 Nyon, adhere to the following rules in accordance with the data protection law and related regulations. The purpose of this statement is to inform you, as my client, about how we process your personal and sensitive data [&hellip;]<\/p>\n","protected":false},"author":1,"featured_media":0,"parent":0,"menu_order":0,"comment_status":"closed","ping_status":"closed","template":"","meta":{"_et_pb_use_builder":"on","_et_pb_old_content":"","_et_gb_content_width":"","footnotes":""},"class_list":["post-29632","page","type-page","status-publish","hentry"],"yoast_head":"<!-- This site is optimized with the Yoast SEO plugin v25.6 - https:\/\/yoast.com\/wordpress\/plugins\/seo\/ -->\n<title>Privacy policy - Li Kin\u00e9siologie<\/title>\n<meta name=\"description\" content=\"Li KINESIOLOGIE, hereby abides by the following rules in accordance with the Data Protection Act\" \/>\n<meta name=\"robots\" content=\"index, follow, max-snippet:-1, max-image-preview:large, max-video-preview:-1\" \/>\n<link rel=\"canonical\" href=\"https:\/\/www.li-kinesiologie.ch\/en\/privacy-policy\/\" \/>\n<meta property=\"og:locale\" content=\"en_US\" \/>\n<meta property=\"og:type\" content=\"article\" \/>\n<meta property=\"og:title\" content=\"Privacy policy - Li Kin\u00e9siologie\" \/>\n<meta property=\"og:description\" content=\"Li KINESIOLOGIE, hereby abides by the following rules in accordance with the Data Protection Act\" \/>\n<meta property=\"og:url\" content=\"https:\/\/www.li-kinesiologie.ch\/en\/privacy-policy\/\" \/>\n<meta property=\"og:site_name\" content=\"Li Kin\u00e9siologie\" \/>\n<meta property=\"article:modified_time\" content=\"2025-04-09T12:22:25+00:00\" \/>\n<meta name=\"twitter:card\" content=\"summary_large_image\" \/>\n<meta name=\"twitter:label1\" content=\"Est. reading time\" \/>\n\t<meta name=\"twitter:data1\" content=\"6 minutes\" \/>\n<script type=\"application\/ld+json\" class=\"yoast-schema-graph\">{\"@context\":\"https:\/\/schema.org\",\"@graph\":[{\"@type\":\"WebPage\",\"@id\":\"https:\/\/www.li-kinesiologie.ch\/en\/privacy-policy\/\",\"url\":\"https:\/\/www.li-kinesiologie.ch\/en\/privacy-policy\/\",\"name\":\"Privacy policy - Li Kin\u00e9siologie\",\"isPartOf\":{\"@id\":\"https:\/\/www.li-kinesiologie.ch\/en\/#website\"},\"datePublished\":\"2025-04-08T19:19:12+00:00\",\"dateModified\":\"2025-04-09T12:22:25+00:00\",\"description\":\"Li KINESIOLOGIE, hereby abides by the following rules in accordance with the Data Protection Act\",\"breadcrumb\":{\"@id\":\"https:\/\/www.li-kinesiologie.ch\/en\/privacy-policy\/#breadcrumb\"},\"inLanguage\":\"en-US\",\"potentialAction\":[{\"@type\":\"ReadAction\",\"target\":[\"https:\/\/www.li-kinesiologie.ch\/en\/privacy-policy\/\"]}]},{\"@type\":\"BreadcrumbList\",\"@id\":\"https:\/\/www.li-kinesiologie.ch\/en\/privacy-policy\/#breadcrumb\",\"itemListElement\":[{\"@type\":\"ListItem\",\"position\":1,\"name\":\"Accueil\",\"item\":\"https:\/\/www.li-kinesiologie.ch\/en\/\"},{\"@type\":\"ListItem\",\"position\":2,\"name\":\"Privacy policy\"}]},{\"@type\":\"WebSite\",\"@id\":\"https:\/\/www.li-kinesiologie.ch\/en\/#website\",\"url\":\"https:\/\/www.li-kinesiologie.ch\/en\/\",\"name\":\"Li Kin\u00e9siologie\",\"description\":\"Pour favoriser votre sant\u00e9 et bien-\u00eatre\",\"potentialAction\":[{\"@type\":\"SearchAction\",\"target\":{\"@type\":\"EntryPoint\",\"urlTemplate\":\"https:\/\/www.li-kinesiologie.ch\/en\/?s={search_term_string}\"},\"query-input\":{\"@type\":\"PropertyValueSpecification\",\"valueRequired\":true,\"valueName\":\"search_term_string\"}}],\"inLanguage\":\"en-US\"}]}<\/script>\n<!-- \/ Yoast SEO plugin. -->","yoast_head_json":{"title":"Privacy policy - Li Kin\u00e9siologie","description":"Li KINESIOLOGIE, hereby abides by the following rules in accordance with the Data Protection Act","robots":{"index":"index","follow":"follow","max-snippet":"max-snippet:-1","max-image-preview":"max-image-preview:large","max-video-preview":"max-video-preview:-1"},"canonical":"https:\/\/www.li-kinesiologie.ch\/en\/privacy-policy\/","og_locale":"en_US","og_type":"article","og_title":"Privacy policy - Li Kin\u00e9siologie","og_description":"Li KINESIOLOGIE, hereby abides by the following rules in accordance with the Data Protection Act","og_url":"https:\/\/www.li-kinesiologie.ch\/en\/privacy-policy\/","og_site_name":"Li Kin\u00e9siologie","article_modified_time":"2025-04-09T12:22:25+00:00","twitter_card":"summary_large_image","twitter_misc":{"Est. reading time":"6 minutes"},"schema":{"@context":"https:\/\/schema.org","@graph":[{"@type":"WebPage","@id":"https:\/\/www.li-kinesiologie.ch\/en\/privacy-policy\/","url":"https:\/\/www.li-kinesiologie.ch\/en\/privacy-policy\/","name":"Privacy policy - Li Kin\u00e9siologie","isPartOf":{"@id":"https:\/\/www.li-kinesiologie.ch\/en\/#website"},"datePublished":"2025-04-08T19:19:12+00:00","dateModified":"2025-04-09T12:22:25+00:00","description":"Li KINESIOLOGIE, hereby abides by the following rules in accordance with the Data Protection Act","breadcrumb":{"@id":"https:\/\/www.li-kinesiologie.ch\/en\/privacy-policy\/#breadcrumb"},"inLanguage":"en-US","potentialAction":[{"@type":"ReadAction","target":["https:\/\/www.li-kinesiologie.ch\/en\/privacy-policy\/"]}]},{"@type":"BreadcrumbList","@id":"https:\/\/www.li-kinesiologie.ch\/en\/privacy-policy\/#breadcrumb","itemListElement":[{"@type":"ListItem","position":1,"name":"Accueil","item":"https:\/\/www.li-kinesiologie.ch\/en\/"},{"@type":"ListItem","position":2,"name":"Privacy policy"}]},{"@type":"WebSite","@id":"https:\/\/www.li-kinesiologie.ch\/en\/#website","url":"https:\/\/www.li-kinesiologie.ch\/en\/","name":"Li Kin\u00e9siologie","description":"Pour favoriser votre sant\u00e9 et bien-\u00eatre","potentialAction":[{"@type":"SearchAction","target":{"@type":"EntryPoint","urlTemplate":"https:\/\/www.li-kinesiologie.ch\/en\/?s={search_term_string}"},"query-input":{"@type":"PropertyValueSpecification","valueRequired":true,"valueName":"search_term_string"}}],"inLanguage":"en-US"}]}},"_links":{"self":[{"href":"https:\/\/www.li-kinesiologie.ch\/en\/wp-json\/wp\/v2\/pages\/29632","targetHints":{"allow":["GET"]}}],"collection":[{"href":"https:\/\/www.li-kinesiologie.ch\/en\/wp-json\/wp\/v2\/pages"}],"about":[{"href":"https:\/\/www.li-kinesiologie.ch\/en\/wp-json\/wp\/v2\/types\/page"}],"author":[{"embeddable":true,"href":"https:\/\/www.li-kinesiologie.ch\/en\/wp-json\/wp\/v2\/users\/1"}],"replies":[{"embeddable":true,"href":"https:\/\/www.li-kinesiologie.ch\/en\/wp-json\/wp\/v2\/comments?post=29632"}],"version-history":[{"count":7,"href":"https:\/\/www.li-kinesiologie.ch\/en\/wp-json\/wp\/v2\/pages\/29632\/revisions"}],"predecessor-version":[{"id":29683,"href":"https:\/\/www.li-kinesiologie.ch\/en\/wp-json\/wp\/v2\/pages\/29632\/revisions\/29683"}],"wp:attachment":[{"href":"https:\/\/www.li-kinesiologie.ch\/en\/wp-json\/wp\/v2\/media?parent=29632"}],"curies":[{"name":"wp","href":"https:\/\/api.w.org\/{rel}","templated":true}]}}