{"id":29647,"date":"2025-04-08T18:35:21","date_gmt":"2025-04-08T18:35:21","guid":{"rendered":"https:\/\/temp.li-kinesiologie.ch\/about-me\/"},"modified":"2025-08-05T13:15:23","modified_gmt":"2025-08-05T13:15:23","slug":"about-me","status":"publish","type":"page","link":"https:\/\/www.li-kinesiologie.ch\/en\/about-me\/","title":{"rendered":"About me"},"content":{"rendered":"<p>[et_pb_section fb_built=&#8221;1&#8243; next_background_color=&#8221;#ffffff&#8221; admin_label=&#8221;Header&#8221; _builder_version=&#8221;4.27.4&#8243; background_color=&#8221;#B8D8BE&#8221; use_background_color_gradient=&#8221;on&#8221; background_color_gradient_direction=&#8221;90deg&#8221; background_color_gradient_stops=&#8221;rgba(184,216,190,0.5) 0%|#b8d8be 75%&#8221; background_color_gradient_overlays_image=&#8221;on&#8221; background_image=&#8221;http:\/\/www.li-kinesiologie.ch\/wp-content\/uploads\/2025\/08\/Sunflowers-3-scaled.jpg&#8221; background_position=&#8221;center_right&#8221; background_horizontal_offset=&#8221;100%&#8221; custom_margin=&#8221;||||false&#8221; custom_padding=&#8221;0px||5vw||false|false&#8221; bottom_divider_style=&#8221;curve&#8221; bottom_divider_height=&#8221;6vw&#8221; hover_enabled=&#8221;0&#8243; background_last_edited=&#8221;on|phone&#8221; background_position_tablet=&#8221;center_left&#8221; background_horizontal_offset_tablet=&#8221;15%&#8221; background_horizontal_offset_phone=&#8221;0%&#8221; locked=&#8221;off&#8221; global_colors_info=&#8221;{}&#8221; title_text=&#8221;Sunflowers-3&#8243; sticky_enabled=&#8221;0&#8243;][et_pb_row column_structure=&#8221;1_5,3_5,1_5&#8243; disabled_on=&#8221;off|off|off&#8221; _builder_version=&#8221;4.27.2&#8243; background_enable_image=&#8221;off&#8221; background_size=&#8221;custom&#8221; background_image_width=&#8221;25%&#8221; width=&#8221;90%&#8221; max_width=&#8221;90%&#8221; animation_style=&#8221;zoom&#8221; animation_intensity_zoom=&#8221;10%&#8221; locked=&#8221;off&#8221; global_colors_info=&#8221;{}&#8221;][et_pb_column type=&#8221;1_5&#8243; disabled_on=&#8221;on|on|off&#8221; _builder_version=&#8221;4.27.0&#8243; background_enable_image=&#8221;off&#8221; background_size=&#8221;custom&#8221; background_image_width=&#8221;16%&#8221; background_position=&#8221;top_center&#8221; background_vertical_offset=&#8221;30%&#8221; background_blend=&#8221;color-dodge&#8221; custom_padding_tablet=&#8221;&#8221; custom_padding_phone=&#8221;&#8221; custom_padding_last_edited=&#8221;on|phone&#8221; global_colors_info=&#8221;{}&#8221; custom_padding__hover=&#8221;|||&#8221;][\/et_pb_column][et_pb_column type=&#8221;3_5&#8243; _builder_version=&#8221;4.27.0&#8243; background_enable_image=&#8221;off&#8221; background_size=&#8221;custom&#8221; background_image_width=&#8221;16%&#8221; background_position=&#8221;top_center&#8221; background_vertical_offset=&#8221;30%&#8221; background_blend=&#8221;color-dodge&#8221; custom_padding_tablet=&#8221;&#8221; custom_padding_phone=&#8221;&#8221; custom_padding_last_edited=&#8221;on|phone&#8221; global_colors_info=&#8221;{}&#8221; custom_padding__hover=&#8221;|||&#8221;][et_pb_text _builder_version=&#8221;4.27.4&#8243; text_font=&#8221;||||||||&#8221; header_font=&#8221;Merriweather|500||on|||||&#8221; header_text_color=&#8221;#FFFFFF&#8221; header_font_size=&#8221;4vw&#8221; header_line_height=&#8221;1.8em&#8221; header_2_font=&#8221;Merriweather|||on|||||&#8221; header_2_text_align=&#8221;left&#8221; header_2_letter_spacing=&#8221;0.1em&#8221; header_2_line_height=&#8221;1.4em&#8221; text_orientation=&#8221;center&#8221; background_layout=&#8221;dark&#8221; custom_margin=&#8221;5vw||18px||false|false&#8221; custom_margin_tablet=&#8221;||3vw||false|false&#8221; custom_margin_phone=&#8221;||0vw||false|false&#8221; custom_margin_last_edited=&#8221;on|phone&#8221; header_font_size_tablet=&#8221;8vw&#8221; header_font_size_phone=&#8221;8vw&#8221; header_font_size_last_edited=&#8221;on|phone&#8221; header_2_letter_spacing_tablet=&#8221;0px&#8221; header_2_letter_spacing_phone=&#8221;0px&#8221; header_2_letter_spacing_last_edited=&#8221;on|tablet&#8221; global_colors_info=&#8221;{}&#8221;]<\/p>\n<h1>About me<\/h1>\n<p>[\/et_pb_text][\/et_pb_column][et_pb_column type=&#8221;1_5&#8243; _builder_version=&#8221;4.27.0&#8243; background_enable_image=&#8221;off&#8221; background_size=&#8221;custom&#8221; background_image_width=&#8221;16%&#8221; background_position=&#8221;top_center&#8221; background_vertical_offset=&#8221;30%&#8221; background_blend=&#8221;color-dodge&#8221; custom_padding_tablet=&#8221;&#8221; custom_padding_phone=&#8221;&#8221; custom_padding_last_edited=&#8221;on|phone&#8221; global_colors_info=&#8221;{}&#8221; custom_padding__hover=&#8221;|||&#8221;][et_pb_image src=&#8221;https:\/\/li-kinesiologie.ch\/wp-content\/uploads\/2025\/04\/Logo_arbre_blanc.png&#8221; title_text=&#8221;Logo_white_tree&#8221; align=&#8221;right&#8221; disabled_on=&#8221;on|on|off&#8221; _builder_version=&#8221;4.27.0&#8243; _module_preset=&#8221;default&#8221; width=&#8221;40%&#8221; global_colors_info=&#8221;{}&#8221;][\/et_pb_image][\/et_pb_column][\/et_pb_row][et_pb_row _builder_version=&#8221;4.27.0&#8243; custom_padding=&#8221;0px||||false|false&#8221; locked=&#8221;off&#8221; global_colors_info=&#8221;{}&#8221;][et_pb_column type=&#8221;4_4&#8243; _builder_version=&#8221;4.16&#8243; custom_padding=&#8221;|||&#8221; global_colors_info=&#8221;{}&#8221; custom_padding__hover=&#8221;|||&#8221;][et_pb_button button_url=&#8221;https:\/\/www.onedoc.ch\/en\/kinesiologist\/nyon\/pcxsm\/li-grosjean&#8221; button_text=&#8221;Book your session&#8221; button_alignment=&#8221;center&#8221; _builder_version=&#8221;4.27.4&#8243; custom_button=&#8221;on&#8221; button_text_size=&#8221;12px&#8221; button_text_color=&#8221;#ffffff&#8221; button_bg_color=&#8221;rgba(111,162,65,0.3)&#8221; button_border_width=&#8221;0px&#8221; button_border_color=&#8221;rgba(0,0,0,0)&#8221; button_border_radius=&#8221;100px&#8221; button_letter_spacing=&#8221;2px&#8221; button_font=&#8221;Montserrat|500||on|||||&#8221; button_use_icon=&#8221;off&#8221; custom_padding=&#8221;12px|18px|12px|18px|true|true&#8221; button_text_size_tablet=&#8221;12px&#8221; button_text_size_phone=&#8221;9px&#8221; button_text_size_last_edited=&#8221;on|phone&#8221; button_letter_spacing_hover=&#8221;2px&#8221; locked=&#8221;off&#8221; global_colors_info=&#8221;{}&#8221; button_text_size__hover_enabled=&#8221;off&#8221; button_one_text_size__hover_enabled=&#8221;off&#8221; button_two_text_size__hover_enabled=&#8221;off&#8221; button_text_color__hover_enabled=&#8221;off&#8221; button_one_text_color__hover_enabled=&#8221;off&#8221; button_two_text_color__hover_enabled=&#8221;off&#8221; button_border_width__hover_enabled=&#8221;off&#8221; button_one_border_width__hover_enabled=&#8221;off&#8221; button_two_border_width__hover_enabled=&#8221;off&#8221; button_border_color__hover_enabled=&#8221;off&#8221; button_one_border_color__hover_enabled=&#8221;off&#8221; button_two_border_color__hover_enabled=&#8221;off&#8221; button_border_radius__hover_enabled=&#8221;off&#8221; button_one_border_radius__hover_enabled=&#8221;off&#8221; button_two_border_radius__hover_enabled=&#8221;off&#8221; button_letter_spacing__hover_enabled=&#8221;on&#8221; button_letter_spacing__hover=&#8221;2px&#8221; button_one_letter_spacing__hover_enabled=&#8221;off&#8221; button_two_letter_spacing__hover_enabled=&#8221;off&#8221; button_bg_color__hover_enabled=&#8221;off&#8221; button_one_bg_color__hover_enabled=&#8221;off&#8221; button_two_bg_color__hover_enabled=&#8221;off&#8221;][\/et_pb_button][\/et_pb_column][\/et_pb_row][\/et_pb_section][et_pb_section fb_built=&#8221;1&#8243; admin_label=&#8221;About&#8221; _builder_version=&#8221;4.27.0&#8243; use_background_color_gradient=&#8221;on&#8221; background_color_gradient_stops=&#8221;rgba(255,255,255,0.25) 0%|rgba(255,255,255,0.8) 100%&#8221; background_enable_image=&#8221;off&#8221; background_size=&#8221;contain&#8221; background_position=&#8221;bottom_left&#8221; background_horizontal_offset=&#8221;-15%&#8221; custom_margin=&#8221;0px||||false|false&#8221; custom_padding=&#8221;4vh||0px||false|false&#8221; bottom_divider_style=&#8221;wave&#8221; bottom_divider_color=&#8221;#f2f2f2&#8243; bottom_divider_height=&#8221;18vw&#8221; locked=&#8221;off&#8221; global_colors_info=&#8221;{}&#8221;][et_pb_row column_structure=&#8221;2_3,1_3&#8243; use_custom_gutter=&#8221;on&#8221; make_equal=&#8221;on&#8221; _builder_version=&#8221;4.27.0&#8243; width=&#8221;60%&#8221; max_width=&#8221;60%&#8221; global_colors_info=&#8221;{}&#8221;][et_pb_column type=&#8221;2_3&#8243; _builder_version=&#8221;4.27.0&#8243; custom_css_main_element=&#8221;margin-bottom:auto;&#8221; global_colors_info=&#8221;{}&#8221;][et_pb_image src=&#8221;http:\/\/www.li-kinesiologie.ch\/wp-content\/uploads\/2025\/07\/Li-Portrait.png&#8221; title_text=&#8221;Li-Portrait&#8221; align=&#8221;center&#8221; disabled_on=&#8221;off|off|on&#8221; _builder_version=&#8221;4.27.4&#8243; _module_preset=&#8221;default&#8221; width=&#8221;85%&#8221; border_radii=&#8221;on|100%|100%|100%|100%&#8221; box_shadow_style=&#8221;preset1&#8243; global_colors_info=&#8221;{}&#8221;][\/et_pb_image][et_pb_text _builder_version=&#8221;4.27.0&#8243; _module_preset=&#8221;default&#8221; global_colors_info=&#8221;{}&#8221;]<\/p>\n<p>During my professional career in several multinational companies, I always felt that my true calling lay in human interaction, on a deeper and more authentic level.<\/p>\n<p>For this reason, I began studying psychology, and it was during this journey of personal development that I discovered kinesiology. Fascinated by the richness of this method, which touches on all aspects of the human being, I decided to fully commit to this path.<\/p>\n<p>As a mother of two children, I am now delighted to share the benefits of kinesiology with my clients, enriched by my sensitivity, empathy, and a life filled with experiences.<\/p>\n<p>I look forward to meeting you and accompanying you on your personal development journey.<\/p>\n<p>[\/et_pb_text][\/et_pb_column][et_pb_column type=&#8221;1_3&#8243; _builder_version=&#8221;4.27.0&#8243; background_enable_image=&#8221;off&#8221; custom_padding=&#8221;|||&#8221; custom_css_main_element=&#8221;margin-bottom:auto;&#8221; border_radii=&#8221;on|180px|180px|180px|180px&#8221; global_colors_info=&#8221;{}&#8221;][et_pb_image src=&#8221;http:\/\/www.li-kinesiologie.ch\/wp-content\/uploads\/2025\/07\/Li-Portrait.png&#8221; title_text=&#8221;Li-Portrait&#8221; src_last_edited=&#8221;off|desktop&#8221; disabled_on=&#8221;on|on|off&#8221; _builder_version=&#8221;4.27.4&#8243; _module_preset=&#8221;default&#8221; width=&#8221;85%&#8221; border_radii=&#8221;on|100%|100%|100%|100%&#8221; box_shadow_style=&#8221;preset1&#8243; global_colors_info=&#8221;{}&#8221; src__hover_enabled=&#8221;off|desktop&#8221;][\/et_pb_image][\/et_pb_column][\/et_pb_row][\/et_pb_section][et_pb_section fb_built=&#8221;1&#8243; custom_padding_last_edited=&#8221;on|tablet&#8221; admin_label=&#8221;About Me&#8221; _builder_version=&#8221;4.27.0&#8243; background_color=&#8221;#f2f2f2&#8243; use_background_color_gradient=&#8221;on&#8221; background_color_gradient_stops=&#8221;rgba(255,255,255,0) 0%|rgba(255,255,255,0) 100%&#8221; background_enable_image=&#8221;off&#8221; background_size=&#8221;custom&#8221; background_image_width=&#8221;20%&#8221; background_position=&#8221;center_right&#8221; custom_margin=&#8221;-1px||||false|false&#8221; custom_padding=&#8221;0vw|0px|1vw|0px|false|false&#8221; custom_padding_tablet=&#8221;||10vw|&#8221; custom_padding_phone=&#8221;&#8221; top_divider_color=&#8221;#FFFFFF&#8221; top_divider_height=&#8221;6vw&#8221; top_divider_flip=&#8221;vertical&#8221; bottom_divider_style=&#8221;curve&#8221; bottom_divider_color=&#8221;#b8d8be&#8221; bottom_divider_height=&#8221;10vw&#8221; bottom_divider_repeat=&#8221;0.5x&#8221; bottom_divider_flip=&#8221;horizontal&#8221; global_colors_info=&#8221;{}&#8221;][et_pb_row column_structure=&#8221;2_3,1_3&#8243; _builder_version=&#8221;4.27.0&#8243; width=&#8221;60%&#8221; max_width=&#8221;60%&#8221; locked=&#8221;off&#8221; global_colors_info=&#8221;{}&#8221;][et_pb_column type=&#8221;2_3&#8243; _builder_version=&#8221;4.16&#8243; custom_padding=&#8221;|||&#8221; global_colors_info=&#8221;{}&#8221; custom_padding__hover=&#8221;|||&#8221;][et_pb_text _builder_version=&#8221;4.27.0&#8243; _module_preset=&#8221;default&#8221; text_font=&#8221;Merriweather||||||||&#8221; text_text_color=&#8221;#999999&#8243; text_font_size=&#8221;48px&#8221; text_line_height=&#8221;1.2em&#8221; header_2_font=&#8221;||||||||&#8221; header_2_text_align=&#8221;left&#8221; header_2_text_color=&#8221;#999999&#8243; header_2_font_size=&#8221;1em&#8221; custom_margin=&#8221;||18px|||&#8221; text_font_size_tablet=&#8221;36px&#8221; text_font_size_phone=&#8221;24px&#8221; text_font_size_last_edited=&#8221;on|phone&#8221; text_line_height_tablet=&#8221;1.2em&#8221; text_line_height_phone=&#8221;1.4em&#8221; text_line_height_last_edited=&#8221;on|phone&#8221; global_colors_info=&#8221;{}&#8221;]<\/p>\n<h2>Welcome!<\/h2>\n<p>[\/et_pb_text][et_pb_text _builder_version=&#8221;4.27.2&#8243; _module_preset=&#8221;default&#8221; text_font=&#8221;Tangerine||||||||&#8221; text_font_size=&#8221;3em&#8221; header_2_text_align=&#8221;center&#8221; header_2_text_color=&#8221;#FFFFFF&#8221; header_2_font_size=&#8221;3em&#8221; custom_padding=&#8221;12px||||false|false&#8221; text_font_size_tablet=&#8221;3em&#8221; text_font_size_phone=&#8221;2.5em&#8221; text_font_size_last_edited=&#8221;on|phone&#8221; global_colors_info=&#8221;{}&#8221;]<\/p>\n<p>Li Grosjean<\/p>\n<p>[\/et_pb_text][\/et_pb_column][et_pb_column type=&#8221;1_3&#8243; _builder_version=&#8221;4.27.0&#8243; background_enable_image=&#8221;off&#8221; custom_padding=&#8221;|||&#8221; global_colors_info=&#8221;{}&#8221; custom_padding__hover=&#8221;|||&#8221;][\/et_pb_column][\/et_pb_row][\/et_pb_section][et_pb_section fb_built=&#8221;1&#8243; admin_label=&#8221;Call to Action&#8221; _builder_version=&#8221;4.27.2&#8243; background_color=&#8221;#b8d8be&#8221; background_enable_image=&#8221;off&#8221; custom_margin=&#8221;-1px||||false|false&#8221; custom_padding=&#8221;0px||0px|||&#8221; global_colors_info=&#8221;{}&#8221;][et_pb_row column_structure=&#8221;3_5,2_5&#8243; _builder_version=&#8221;4.27.2&#8243; _module_preset=&#8221;default&#8221; width=&#8221;60%&#8221; max_width=&#8221;60%&#8221; custom_margin=&#8221;-1px||||false|false&#8221; global_colors_info=&#8221;{}&#8221;][et_pb_column type=&#8221;3_5&#8243; _builder_version=&#8221;4.27.0&#8243; _module_preset=&#8221;default&#8221; global_colors_info=&#8221;{}&#8221;][\/et_pb_column][et_pb_column type=&#8221;2_5&#8243; _builder_version=&#8221;4.27.0&#8243; _module_preset=&#8221;default&#8221; background_enable_image=&#8221;off&#8221; global_colors_info=&#8221;{}&#8221;][et_pb_text _builder_version=&#8221;4.27.2&#8243; _module_preset=&#8221;default&#8221; text_font=&#8221;&#8211;et_global_heading_font||||||||&#8221; text_text_color=&#8221;#FFFFFF&#8221; text_font_size=&#8221;20px&#8221; global_colors_info=&#8221;{}&#8221;]<\/p>\n<p style=\"text-align: center;\"><strong>\u00abThe greatest traveller is not the one who has made ten trips <\/strong><strong>around the world, but the one who has made a single trip around himself.<\/strong>\u00bb<\/p>\n<p style=\"text-align: right;\"><em style=\"font-size: 18px; font-family: var(--et_global_heading_font),serif;\">Mahatma Gandhi<\/em><\/p>\n<p>[\/et_pb_text][\/et_pb_column][\/et_pb_row][\/et_pb_section]<\/p>\n","protected":false},"excerpt":{"rendered":"<p>About meDuring my professional career in several multinational companies, I always felt that my true calling lay in human interaction, on a deeper and more authentic level.For this reason, I began studying psychology, and it was during this journey of personal development that I discovered kinesiology. Fascinated by the richness of this method, which touches [&hellip;]<\/p>\n","protected":false},"author":1,"featured_media":0,"parent":0,"menu_order":0,"comment_status":"closed","ping_status":"closed","template":"","meta":{"_et_pb_use_builder":"on","_et_pb_old_content":"","_et_gb_content_width":"","footnotes":""},"class_list":["post-29647","page","type-page","status-publish","hentry"],"yoast_head":"<!-- This site is optimized with the Yoast SEO plugin v25.6 - https:\/\/yoast.com\/wordpress\/plugins\/seo\/ -->\n<title>About me - Li Kin\u00e9siologie<\/title>\n<meta name=\"description\" content=\"Learn more about my journey as a certified kinesiologist Learn more about my journey as a certified kinesiologist in Lausanne. My holistic approach supports your well-being and personal growth.\" \/>\n<meta name=\"robots\" content=\"index, follow, max-snippet:-1, max-image-preview:large, max-video-preview:-1\" \/>\n<link rel=\"canonical\" href=\"https:\/\/www.li-kinesiologie.ch\/en\/about-me\/\" \/>\n<meta property=\"og:locale\" content=\"en_US\" \/>\n<meta property=\"og:type\" content=\"article\" \/>\n<meta property=\"og:title\" content=\"About me - Li Kin\u00e9siologie\" \/>\n<meta property=\"og:description\" content=\"Learn more about my journey as a certified kinesiologist Learn more about my journey as a certified kinesiologist in Lausanne. My holistic approach supports your well-being and personal growth.\" \/>\n<meta property=\"og:url\" content=\"https:\/\/www.li-kinesiologie.ch\/en\/about-me\/\" \/>\n<meta property=\"og:site_name\" content=\"Li Kin\u00e9siologie\" \/>\n<meta property=\"article:modified_time\" content=\"2025-08-05T13:15:23+00:00\" \/>\n<meta name=\"twitter:card\" content=\"summary_large_image\" \/>\n<meta name=\"twitter:label1\" content=\"Est. reading time\" \/>\n\t<meta name=\"twitter:data1\" content=\"8 minutes\" \/>\n<script type=\"application\/ld+json\" class=\"yoast-schema-graph\">{\"@context\":\"https:\/\/schema.org\",\"@graph\":[{\"@type\":\"WebPage\",\"@id\":\"https:\/\/www.li-kinesiologie.ch\/en\/about-me\/\",\"url\":\"https:\/\/www.li-kinesiologie.ch\/en\/about-me\/\",\"name\":\"About me - Li Kin\u00e9siologie\",\"isPartOf\":{\"@id\":\"http:\/\/www.li-kinesiologie.ch\/en\/#website\"},\"datePublished\":\"2025-04-08T18:35:21+00:00\",\"dateModified\":\"2025-08-05T13:15:23+00:00\",\"description\":\"Learn more about my journey as a certified kinesiologist Learn more about my journey as a certified kinesiologist in Lausanne. My holistic approach supports your well-being and personal growth.\",\"breadcrumb\":{\"@id\":\"https:\/\/www.li-kinesiologie.ch\/en\/about-me\/#breadcrumb\"},\"inLanguage\":\"en-US\",\"potentialAction\":[{\"@type\":\"ReadAction\",\"target\":[\"https:\/\/www.li-kinesiologie.ch\/en\/about-me\/\"]}]},{\"@type\":\"BreadcrumbList\",\"@id\":\"https:\/\/www.li-kinesiologie.ch\/en\/about-me\/#breadcrumb\",\"itemListElement\":[{\"@type\":\"ListItem\",\"position\":1,\"name\":\"Accueil\",\"item\":\"https:\/\/www.li-kinesiologie.ch\/en\/\"},{\"@type\":\"ListItem\",\"position\":2,\"name\":\"About me\"}]},{\"@type\":\"WebSite\",\"@id\":\"http:\/\/www.li-kinesiologie.ch\/en\/#website\",\"url\":\"http:\/\/www.li-kinesiologie.ch\/en\/\",\"name\":\"Li Kin\u00e9siologie\",\"description\":\"Pour favoriser votre sant\u00e9 et bien-\u00eatre\",\"potentialAction\":[{\"@type\":\"SearchAction\",\"target\":{\"@type\":\"EntryPoint\",\"urlTemplate\":\"http:\/\/www.li-kinesiologie.ch\/en\/?s={search_term_string}\"},\"query-input\":{\"@type\":\"PropertyValueSpecification\",\"valueRequired\":true,\"valueName\":\"search_term_string\"}}],\"inLanguage\":\"en-US\"}]}<\/script>\n<!-- \/ Yoast SEO plugin. -->","yoast_head_json":{"title":"About me - Li Kin\u00e9siologie","description":"Learn more about my journey as a certified kinesiologist Learn more about my journey as a certified kinesiologist in Lausanne. My holistic approach supports your well-being and personal growth.","robots":{"index":"index","follow":"follow","max-snippet":"max-snippet:-1","max-image-preview":"max-image-preview:large","max-video-preview":"max-video-preview:-1"},"canonical":"https:\/\/www.li-kinesiologie.ch\/en\/about-me\/","og_locale":"en_US","og_type":"article","og_title":"About me - Li Kin\u00e9siologie","og_description":"Learn more about my journey as a certified kinesiologist Learn more about my journey as a certified kinesiologist in Lausanne. My holistic approach supports your well-being and personal growth.","og_url":"https:\/\/www.li-kinesiologie.ch\/en\/about-me\/","og_site_name":"Li Kin\u00e9siologie","article_modified_time":"2025-08-05T13:15:23+00:00","twitter_card":"summary_large_image","twitter_misc":{"Est. reading time":"8 minutes"},"schema":{"@context":"https:\/\/schema.org","@graph":[{"@type":"WebPage","@id":"https:\/\/www.li-kinesiologie.ch\/en\/about-me\/","url":"https:\/\/www.li-kinesiologie.ch\/en\/about-me\/","name":"About me - Li Kin\u00e9siologie","isPartOf":{"@id":"http:\/\/www.li-kinesiologie.ch\/en\/#website"},"datePublished":"2025-04-08T18:35:21+00:00","dateModified":"2025-08-05T13:15:23+00:00","description":"Learn more about my journey as a certified kinesiologist Learn more about my journey as a certified kinesiologist in Lausanne. My holistic approach supports your well-being and personal growth.","breadcrumb":{"@id":"https:\/\/www.li-kinesiologie.ch\/en\/about-me\/#breadcrumb"},"inLanguage":"en-US","potentialAction":[{"@type":"ReadAction","target":["https:\/\/www.li-kinesiologie.ch\/en\/about-me\/"]}]},{"@type":"BreadcrumbList","@id":"https:\/\/www.li-kinesiologie.ch\/en\/about-me\/#breadcrumb","itemListElement":[{"@type":"ListItem","position":1,"name":"Accueil","item":"https:\/\/www.li-kinesiologie.ch\/en\/"},{"@type":"ListItem","position":2,"name":"About me"}]},{"@type":"WebSite","@id":"http:\/\/www.li-kinesiologie.ch\/en\/#website","url":"http:\/\/www.li-kinesiologie.ch\/en\/","name":"Li Kin\u00e9siologie","description":"Pour favoriser votre sant\u00e9 et bien-\u00eatre","potentialAction":[{"@type":"SearchAction","target":{"@type":"EntryPoint","urlTemplate":"http:\/\/www.li-kinesiologie.ch\/en\/?s={search_term_string}"},"query-input":{"@type":"PropertyValueSpecification","valueRequired":true,"valueName":"search_term_string"}}],"inLanguage":"en-US"}]}},"_links":{"self":[{"href":"https:\/\/www.li-kinesiologie.ch\/en\/wp-json\/wp\/v2\/pages\/29647","targetHints":{"allow":["GET"]}}],"collection":[{"href":"https:\/\/www.li-kinesiologie.ch\/en\/wp-json\/wp\/v2\/pages"}],"about":[{"href":"https:\/\/www.li-kinesiologie.ch\/en\/wp-json\/wp\/v2\/types\/page"}],"author":[{"embeddable":true,"href":"https:\/\/www.li-kinesiologie.ch\/en\/wp-json\/wp\/v2\/users\/1"}],"replies":[{"embeddable":true,"href":"https:\/\/www.li-kinesiologie.ch\/en\/wp-json\/wp\/v2\/comments?post=29647"}],"version-history":[{"count":20,"href":"https:\/\/www.li-kinesiologie.ch\/en\/wp-json\/wp\/v2\/pages\/29647\/revisions"}],"predecessor-version":[{"id":29801,"href":"https:\/\/www.li-kinesiologie.ch\/en\/wp-json\/wp\/v2\/pages\/29647\/revisions\/29801"}],"wp:attachment":[{"href":"https:\/\/www.li-kinesiologie.ch\/en\/wp-json\/wp\/v2\/media?parent=29647"}],"curies":[{"name":"wp","href":"https:\/\/api.w.org\/{rel}","templated":true}]}}